{"id":273,"date":"2023-10-08T19:27:18","date_gmt":"2023-10-08T22:27:18","guid":{"rendered":"https:\/\/isionsat.com.br\/?page_id=273"},"modified":"2025-10-26T09:59:59","modified_gmt":"2025-10-26T12:59:59","slug":"cadastro","status":"publish","type":"page","link":"https:\/\/isionsat.com.br\/?page_id=273","title":{"rendered":"CADASTRO DE CLIENTES"},"content":{"rendered":"\t\t<div data-elementor-type=\"wp-page\" data-elementor-id=\"273\" class=\"elementor elementor-273\">\n\t\t\t\t<div class=\"elementor-element elementor-element-a386447 e-flex e-con-boxed e-con e-parent\" data-id=\"a386447\" data-element_type=\"container\" data-e-type=\"container\">\n\t\t\t\t\t<div class=\"e-con-inner\">\n\t\t\t\t<div class=\"elementor-element elementor-element-247f650 animated-fast elementor-invisible elementor-widget elementor-widget-heading\" data-id=\"247f650\" data-element_type=\"widget\" data-e-type=\"widget\" data-settings=\"{&quot;sticky&quot;:&quot;top&quot;,&quot;_animation&quot;:&quot;flash&quot;,&quot;sticky_on&quot;:[&quot;desktop&quot;,&quot;tablet&quot;,&quot;mobile&quot;],&quot;sticky_offset&quot;:0,&quot;sticky_effects_offset&quot;:0}\" data-widget_type=\"heading.default\">\n\t\t\t\t<div class=\"elementor-widget-container\">\n\t\t\t\t\t<h2 class=\"elementor-heading-title elementor-size-default\">Preencha seus dados de cadastro<\/h2>\t\t\t\t<\/div>\n\t\t\t\t<\/div>\n\t\t\t\t<div class=\"elementor-element elementor-element-ae9a648 elementor-widget elementor-widget-heading\" data-id=\"ae9a648\" data-element_type=\"widget\" data-e-type=\"widget\" data-widget_type=\"heading.default\">\n\t\t\t\t<div class=\"elementor-widget-container\">\n\t\t\t\t\t<h2 class=\"elementor-heading-title elementor-size-default\">Pessoa F\u00edsica ou Jur\u00eddica<\/h2>\t\t\t\t<\/div>\n\t\t\t\t<\/div>\n\t\t\t\t<div class=\"elementor-element elementor-element-baed915 elementor-button-align-center elementor-widget__width-inherit elementor-widget elementor-widget-form\" data-id=\"baed915\" data-element_type=\"widget\" data-e-type=\"widget\" data-settings=\"{&quot;step_next_label&quot;:&quot;Next&quot;,&quot;step_previous_label&quot;:&quot;Previous&quot;,&quot;button_width&quot;:&quot;100&quot;,&quot;step_type&quot;:&quot;number_text&quot;,&quot;step_icon_shape&quot;:&quot;circle&quot;}\" data-widget_type=\"form.default\">\n\t\t\t\t<div class=\"elementor-widget-container\">\n\t\t\t\t\t\t\t<form class=\"elementor-form\" method=\"post\" name=\"cadastro\">\n\t\t\t<input type=\"hidden\" name=\"post_id\" value=\"273\"\/>\n\t\t\t<input type=\"hidden\" name=\"form_id\" value=\"baed915\"\/>\n\t\t\t<input type=\"hidden\" name=\"referer_title\" value=\"\" \/>\n\n\t\t\t\n\t\t\t<div class=\"elementor-form-fields-wrapper elementor-labels-above\">\n\t\t\t\t\t\t\t\t<div class=\"elementor-field-type-text elementor-field-group elementor-column elementor-field-group-field_d5485c9 elementor-col-70 elementor-field-required elementor-mark-required\">\n\t\t\t\t\t\t\t\t\t\t\t\t<label for=\"form-field-field_d5485c9\" class=\"elementor-field-label\">\n\t\t\t\t\t\t\t\tNOME ou  RAZ\u00c3O SOCIAL\t\t\t\t\t\t\t<\/label>\n\t\t\t\t\t\t\t\t\t\t\t\t\t\t<input size=\"1\" type=\"text\" name=\"form_fields[field_d5485c9]\" id=\"form-field-field_d5485c9\" class=\"elementor-field elementor-size-sm  elementor-field-textual\" required=\"required\" aria-required=\"true\">\n\t\t\t\t\t\t\t\t\t\t\t<\/div>\n\t\t\t\t\t\t\t\t<div class=\"elementor-field-type-maskcpfcnpj elementor-field-group elementor-column elementor-field-group-cpf elementor-col-30 elementor-field-required elementor-mark-required\">\n\t\t\t\t\t\t\t\t\t\t\t\t<label for=\"form-field-cpf\" class=\"elementor-field-label\">\n\t\t\t\t\t\t\t\tCPF \/ CNPJ\t\t\t\t\t\t\t<\/label>\n\t\t\t\t\t\t<input size=\"1\" type=\"tel\" name=\"form_fields[cpf]\" id=\"form-field-cpf\" class=\"elementor-field elementor-size-sm  elementor-field-textual cpfcnpj\" required=\"required\" aria-required=\"true\" placeholder=\"CPF \/ CNPJ\">\t\t\t\t<\/div>\n\t\t\t\t\t\t\t\t<div class=\"elementor-field-type-maskcep elementor-field-group elementor-column elementor-field-group-cep elementor-col-20 elementor-field-required elementor-mark-required\">\n\t\t\t\t\t\t\t\t\t\t\t\t<label for=\"form-field-cep\" class=\"elementor-field-label\">\n\t\t\t\t\t\t\t\tCEP\t\t\t\t\t\t\t<\/label>\n\t\t\t\t\t\t<input size=\"1\" type=\"tel\" name=\"form_fields[cep]\" id=\"form-field-cep\" class=\"elementor-field elementor-size-sm  elementor-field-textual cep\" required=\"required\" aria-required=\"true\" placeholder=\"CEP\">\t\t\t\t<\/div>\n\t\t\t\t\t\t\t\t<div class=\"elementor-field-type-text elementor-field-group elementor-column elementor-field-group-rua elementor-col-60 elementor-field-required elementor-mark-required\">\n\t\t\t\t\t\t\t\t\t\t\t\t<label for=\"form-field-rua\" class=\"elementor-field-label\">\n\t\t\t\t\t\t\t\tEndere\u00e7o\t\t\t\t\t\t\t<\/label>\n\t\t\t\t\t\t\t\t\t\t\t\t\t\t<input size=\"1\" type=\"text\" name=\"form_fields[rua]\" id=\"form-field-rua\" class=\"elementor-field elementor-size-sm  elementor-field-textual\" placeholder=\"Endere\u00e7o\" required=\"required\" aria-required=\"true\">\n\t\t\t\t\t\t\t\t\t\t\t<\/div>\n\t\t\t\t\t\t\t\t<div class=\"elementor-field-type-text elementor-field-group elementor-column elementor-field-group-field_3a31590 elementor-col-20 elementor-field-required elementor-mark-required\">\n\t\t\t\t\t\t\t\t\t\t\t\t<label for=\"form-field-field_3a31590\" class=\"elementor-field-label\">\n\t\t\t\t\t\t\t\tN\u00daMERO\t\t\t\t\t\t\t<\/label>\n\t\t\t\t\t\t\t\t\t\t\t\t\t\t<input size=\"1\" type=\"text\" name=\"form_fields[field_3a31590]\" id=\"form-field-field_3a31590\" class=\"elementor-field elementor-size-sm  elementor-field-textual\" placeholder=\"N\u00famero\" required=\"required\" aria-required=\"true\">\n\t\t\t\t\t\t\t\t\t\t\t<\/div>\n\t\t\t\t\t\t\t\t<div class=\"elementor-field-type-text elementor-field-group elementor-column elementor-field-group-bairro elementor-col-40 elementor-field-required elementor-mark-required\">\n\t\t\t\t\t\t\t\t\t\t\t\t<label for=\"form-field-bairro\" class=\"elementor-field-label\">\n\t\t\t\t\t\t\t\tbairro\t\t\t\t\t\t\t<\/label>\n\t\t\t\t\t\t\t\t\t\t\t\t\t\t<input size=\"1\" type=\"text\" name=\"form_fields[bairro]\" id=\"form-field-bairro\" class=\"elementor-field elementor-size-sm  elementor-field-textual\" placeholder=\"Bairro\" required=\"required\" aria-required=\"true\">\n\t\t\t\t\t\t\t\t\t\t\t<\/div>\n\t\t\t\t\t\t\t\t<div class=\"elementor-field-type-text elementor-field-group elementor-column elementor-field-group-cidade elementor-col-30 elementor-field-required elementor-mark-required\">\n\t\t\t\t\t\t\t\t\t\t\t\t<label for=\"form-field-cidade\" class=\"elementor-field-label\">\n\t\t\t\t\t\t\t\tcidade\t\t\t\t\t\t\t<\/label>\n\t\t\t\t\t\t\t\t\t\t\t\t\t\t<input size=\"1\" type=\"text\" name=\"form_fields[cidade]\" id=\"form-field-cidade\" class=\"elementor-field elementor-size-sm  elementor-field-textual\" placeholder=\"Cidade\" required=\"required\" aria-required=\"true\">\n\t\t\t\t\t\t\t\t\t\t\t<\/div>\n\t\t\t\t\t\t\t\t<div class=\"elementor-field-type-text elementor-field-group elementor-column elementor-field-group-uf elementor-col-20 elementor-field-required elementor-mark-required\">\n\t\t\t\t\t\t\t\t\t\t\t\t<label for=\"form-field-uf\" class=\"elementor-field-label\">\n\t\t\t\t\t\t\t\tEstado\t\t\t\t\t\t\t<\/label>\n\t\t\t\t\t\t\t\t\t\t\t\t\t\t<input size=\"1\" type=\"text\" name=\"form_fields[uf]\" id=\"form-field-uf\" class=\"elementor-field elementor-size-sm  elementor-field-textual\" placeholder=\"Estado\" required=\"required\" aria-required=\"true\">\n\t\t\t\t\t\t\t\t\t\t\t<\/div>\n\t\t\t\t\t\t\t\t<div class=\"elementor-field-type-maskphone_with_ddd elementor-field-group elementor-column elementor-field-group-field_e6a0471 elementor-col-20 elementor-field-required elementor-mark-required\">\n\t\t\t\t\t\t\t\t\t\t\t\t<label for=\"form-field-field_e6a0471\" class=\"elementor-field-label\">\n\t\t\t\t\t\t\t\tTelefone 1\t\t\t\t\t\t\t<\/label>\n\t\t\t\t\t\t<input size=\"1\" type=\"tel\" name=\"form_fields[field_e6a0471]\" id=\"form-field-field_e6a0471\" class=\"elementor-field elementor-size-sm  elementor-field-textual phone_with_ddd\" required=\"required\" aria-required=\"true\" placeholder=\"Telefone 1\">\t\t\t\t<\/div>\n\t\t\t\t\t\t\t\t<div class=\"elementor-field-type-email elementor-field-group elementor-column elementor-field-group-field_cb6262c elementor-col-30 elementor-field-required elementor-mark-required\">\n\t\t\t\t\t\t\t\t\t\t\t\t<label for=\"form-field-field_cb6262c\" class=\"elementor-field-label\">\n\t\t\t\t\t\t\t\tE-Mail\t\t\t\t\t\t\t<\/label>\n\t\t\t\t\t\t\t\t\t\t\t\t\t\t<input size=\"1\" type=\"email\" name=\"form_fields[field_cb6262c]\" id=\"form-field-field_cb6262c\" class=\"elementor-field elementor-size-sm  elementor-field-textual\" required=\"required\" aria-required=\"true\">\n\t\t\t\t\t\t\t\t\t\t\t<\/div>\n\t\t\t\t\t\t\t\t<div class=\"elementor-field-type-email elementor-field-group elementor-column elementor-field-group-field_be4687f elementor-col-30 elementor-field-required elementor-mark-required\">\n\t\t\t\t\t\t\t\t\t\t\t\t<label for=\"form-field-field_be4687f\" class=\"elementor-field-label\">\n\t\t\t\t\t\t\t\tConfirmar E-Mail\t\t\t\t\t\t\t<\/label>\n\t\t\t\t\t\t\t\t\t\t\t\t\t\t<input size=\"1\" type=\"email\" name=\"form_fields[field_be4687f]\" id=\"form-field-field_be4687f\" class=\"elementor-field elementor-size-sm  elementor-field-textual\" required=\"required\" aria-required=\"true\">\n\t\t\t\t\t\t\t\t\t\t\t<\/div>\n\t\t\t\t\t\t\t\t<div class=\"elementor-field-type-select elementor-field-group elementor-column elementor-field-group-field_2c71828 elementor-col-20\">\n\t\t\t\t\t\t\t\t\t\t\t\t<label for=\"form-field-field_2c71828\" class=\"elementor-field-label\">\n\t\t\t\t\t\t\t\tINFORME O TIPO DE RASTREAMENTO\t\t\t\t\t\t\t<\/label>\n\t\t\t\t\t\t\t\t<div class=\"elementor-field elementor-select-wrapper \">\n\t\t\t<select name=\"form_fields[field_2c71828]\" id=\"form-field-field_2c71828\" class=\"elementor-field-textual elementor-size-sm\">\n\t\t\t\t\t\t\t\t\t<option value=\"MOTO\">MOTO<\/option>\n\t\t\t\t\t\t\t\t\t<option value=\"CARRO\">CARRO<\/option>\n\t\t\t\t\t\t\t\t\t<option value=\"VAN\">VAN<\/option>\n\t\t\t\t\t\t\t\t\t<option value=\"CAMINH\u00c3O\">CAMINH\u00c3O<\/option>\n\t\t\t\t\t\t\t\t\t<option value=\"MOTO AQU\u00c1TICA\">MOTO AQU\u00c1TICA<\/option>\n\t\t\t\t\t\t\t\t\t<option value=\"MAQUIN\u00c1RIOS\">MAQUIN\u00c1RIOS<\/option>\n\t\t\t\t\t\t\t\t\t<option value=\"GERADORES\">GERADORES<\/option>\n\t\t\t\t\t\t\t\t\t<option value=\"EQUIPAMENTOS DE SOM\">EQUIPAMENTOS DE SOM<\/option>\n\t\t\t\t\t\t\t<\/select>\n\t\t<\/div>\n\t\t\t\t\t\t<\/div>\n\t\t\t\t\t\t\t\t<div class=\"elementor-field-type-text elementor-field-group elementor-column elementor-field-group-field_d84e52c elementor-col-20 elementor-field-required elementor-mark-required\">\n\t\t\t\t\t\t\t\t\t\t\t\t<label for=\"form-field-field_d84e52c\" class=\"elementor-field-label\">\n\t\t\t\t\t\t\t\tPLACA\/CHASSIS\/SN\t\t\t\t\t\t\t<\/label>\n\t\t\t\t\t\t\t\t\t\t\t\t\t\t<input size=\"1\" type=\"text\" name=\"form_fields[field_d84e52c]\" id=\"form-field-field_d84e52c\" class=\"elementor-field elementor-size-sm  elementor-field-textual\" placeholder=\"Placa\" required=\"required\" aria-required=\"true\">\n\t\t\t\t\t\t\t\t\t\t\t<\/div>\n\t\t\t\t\t\t\t\t<div class=\"elementor-field-type-select elementor-field-group elementor-column elementor-field-group-field_5d92cb9 elementor-col-20 elementor-field-required elementor-mark-required\">\n\t\t\t\t\t\t\t\t\t\t\t\t<label for=\"form-field-field_5d92cb9\" class=\"elementor-field-label\">\n\t\t\t\t\t\t\t\tMARCA\t\t\t\t\t\t\t<\/label>\n\t\t\t\t\t\t\t\t<div class=\"elementor-field elementor-select-wrapper \">\n\t\t\t<select name=\"form_fields[field_5d92cb9]\" id=\"form-field-field_5d92cb9\" class=\"elementor-field-textual elementor-size-sm\" required=\"required\" aria-required=\"true\">\n\t\t\t\t\t\t\t\t\t<option value=\"Agrale\">Agrale<\/option>\n\t\t\t\t\t\t\t\t\t<option value=\"Audi\">Audi<\/option>\n\t\t\t\t\t\t\t\t\t<option value=\"BMW\">BMW<\/option>\n\t\t\t\t\t\t\t\t\t<option value=\"Chery\">Chery<\/option>\n\t\t\t\t\t\t\t\t\t<option value=\"Citro\u00ebn\">Citro\u00ebn<\/option>\n\t\t\t\t\t\t\t\t\t<option value=\"Fiat\">Fiat<\/option>\n\t\t\t\t\t\t\t\t\t<option value=\"Ford\">Ford<\/option>\n\t\t\t\t\t\t\t\t\t<option value=\"Chevrolet (GM)\">Chevrolet (GM)<\/option>\n\t\t\t\t\t\t\t\t\t<option value=\"Honda\">Honda<\/option>\n\t\t\t\t\t\t\t\t\t<option value=\"Hyundai\">Hyundai<\/option>\n\t\t\t\t\t\t\t\t\t<option value=\"Iveco\">Iveco<\/option>\n\t\t\t\t\t\t\t\t\t<option value=\"Jeep\">Jeep<\/option>\n\t\t\t\t\t\t\t\t\t<option value=\"Kia\">Kia<\/option>\n\t\t\t\t\t\t\t\t\t<option value=\"Mahindra\">Mahindra<\/option>\n\t\t\t\t\t\t\t\t\t<option value=\"MAN\">MAN<\/option>\n\t\t\t\t\t\t\t\t\t<option value=\"Mercedes-Benz\">Mercedes-Benz<\/option>\n\t\t\t\t\t\t\t\t\t<option value=\"Mitsubishi\">Mitsubishi<\/option>\n\t\t\t\t\t\t\t\t\t<option value=\"Nissan\">Nissan<\/option>\n\t\t\t\t\t\t\t\t\t<option value=\"Peugeot\">Peugeot<\/option>\n\t\t\t\t\t\t\t\t\t<option value=\"Renault\">Renault<\/option>\n\t\t\t\t\t\t\t\t\t<option value=\"Scania\">Scania<\/option>\n\t\t\t\t\t\t\t\t\t<option value=\"Stellantis\">Stellantis<\/option>\n\t\t\t\t\t\t\t\t\t<option value=\"Suzuki\">Suzuki<\/option>\n\t\t\t\t\t\t\t\t\t<option value=\"Toyota\">Toyota<\/option>\n\t\t\t\t\t\t\t\t\t<option value=\"Troller\">Troller<\/option>\n\t\t\t\t\t\t\t\t\t<option value=\"Volkswagen\">Volkswagen<\/option>\n\t\t\t\t\t\t\t\t\t<option value=\"Volvo\">Volvo<\/option>\n\t\t\t\t\t\t\t\t\t<option value=\"--- OUTRA MARCA ---\">--- OUTRA MARCA ---<\/option>\n\t\t\t\t\t\t\t<\/select>\n\t\t<\/div>\n\t\t\t\t\t\t<\/div>\n\t\t\t\t\t\t\t\t<div class=\"elementor-field-type-select elementor-field-group elementor-column elementor-field-group-field_ba281cb elementor-col-20 elementor-field-required elementor-mark-required\">\n\t\t\t\t\t\t\t\t\t\t\t\t<label for=\"form-field-field_ba281cb\" class=\"elementor-field-label\">\n\t\t\t\t\t\t\t\tESCOLHA O  SEU PLANO \t\t\t\t\t\t\t<\/label>\n\t\t\t\t\t\t\t\t<div class=\"elementor-field elementor-select-wrapper \">\n\t\t\t<select name=\"form_fields[field_ba281cb]\" id=\"form-field-field_ba281cb\" class=\"elementor-field-textual elementor-size-sm\" required=\"required\" aria-required=\"true\">\n\t\t\t\t\t\t\t\t\t<option value=\"----Escolha seu Plano ----\">----Escolha seu Plano ----<\/option>\n\t\t\t\t\t\t\t\t\t<option value=\"Plano Bronze.: R$ 39,90\">Plano Bronze.: R$ 39,90<\/option>\n\t\t\t\t\t\t\t\t\t<option value=\"Plano Prata....: R$ 49,90\">Plano Prata....: R$ 49,90<\/option>\n\t\t\t\t\t\t\t\t\t<option value=\"Plano Ouro.....: R$ 59,90\">Plano Ouro.....: R$ 59,90<\/option>\n\t\t\t\t\t\t\t<\/select>\n\t\t<\/div>\n\t\t\t\t\t\t<\/div>\n\t\t\t\t\t\t\t\t<div class=\"elementor-field-type-select elementor-field-group elementor-column elementor-field-group-field_1c55dd8 elementor-col-20 elementor-field-required elementor-mark-required\">\n\t\t\t\t\t\t\t\t\t\t\t\t<label for=\"form-field-field_1c55dd8\" class=\"elementor-field-label\">\n\t\t\t\t\t\t\t\tLOCAL DE INSTALA\u00c7\u00c3O\t\t\t\t\t\t\t<\/label>\n\t\t\t\t\t\t\t\t<div class=\"elementor-field elementor-select-wrapper \">\n\t\t\t<select name=\"form_fields[field_1c55dd8]\" id=\"form-field-field_1c55dd8\" class=\"elementor-field-textual elementor-size-sm\" required=\"required\" aria-required=\"true\">\n\t\t\t\t\t\t\t\t\t<option value=\"Resid\u00eancia = R$ 150,00\">Resid\u00eancia = R$ 150,00<\/option>\n\t\t\t\t\t\t\t\t\t<option value=\"Ponto de instala\u00e7\u00e3o no Campo Limpo SP\/SP = R$ 100,00\">Ponto de instala\u00e7\u00e3o no Campo Limpo SP\/SP = R$ 100,00<\/option>\n\t\t\t\t\t\t\t\t\t<option value=\"Rastreador j\u00e1 instalado  (transfer\u00eancia)= R$ 0,00\">Rastreador j\u00e1 instalado  (transfer\u00eancia)= R$ 0,00<\/option>\n\t\t\t\t\t\t\t<\/select>\n\t\t<\/div>\n\t\t\t\t\t\t<\/div>\n\t\t\t\t\t\t\t\t<div class=\"elementor-field-type-select elementor-field-group elementor-column elementor-field-group-field_580e60d elementor-col-33 elementor-field-required elementor-mark-required\">\n\t\t\t\t\t\t\t\t\t\t\t\t<label for=\"form-field-field_580e60d\" class=\"elementor-field-label\">\n\t\t\t\t\t\t\t\tselecione o vencimento de seus boletos:\t\t\t\t\t\t\t<\/label>\n\t\t\t\t\t\t\t\t<div class=\"elementor-field elementor-select-wrapper \">\n\t\t\t<select name=\"form_fields[field_580e60d]\" id=\"form-field-field_580e60d\" class=\"elementor-field-textual elementor-size-sm\" required=\"required\" aria-required=\"true\">\n\t\t\t\t\t\t\t\t\t<option value=\"Todo Dia 5 de Cada M\u00eas\">Todo Dia 5 de Cada M\u00eas<\/option>\n\t\t\t\t\t\t\t\t\t<option value=\"Todo Dia 10 de Cada M\u00eas\">Todo Dia 10 de Cada M\u00eas<\/option>\n\t\t\t\t\t\t\t\t\t<option value=\"Todo Dia 20 de Cada M\u00eas\">Todo Dia 20 de Cada M\u00eas<\/option>\n\t\t\t\t\t\t\t\t\t<option value=\"Todo Dia 30 de Cada M\u00eas\">Todo Dia 30 de Cada M\u00eas<\/option>\n\t\t\t\t\t\t\t\t\t<option value=\"Todo 5o. Dia \u00datil de Cada M\u00eas\">Todo 5o. Dia \u00datil de Cada M\u00eas<\/option>\n\t\t\t\t\t\t\t<\/select>\n\t\t<\/div>\n\t\t\t\t\t\t<\/div>\n\t\t\t\t\t\t\t\t<div class=\"elementor-field-type-upload elementor-field-group elementor-column elementor-field-group-field_61043d3 elementor-col-100 elementor-field-required elementor-mark-required\">\n\t\t\t\t\t\t\t\t\t\t\t\t<label for=\"form-field-field_61043d3\" class=\"elementor-field-label\">\n\t\t\t\t\t\t\t\tEnvie c\u00f3pia (RG\/CNH (Pessoa F\u00edsica)  ou Cart\u00e3o CNPJ (Pessoa Jur\u00eddica) )\t\t\t\t\t\t\t<\/label>\n\t\t\t\t\t\t\t\t<input type=\"file\" name=\"form_fields[field_61043d3]\" id=\"form-field-field_61043d3\" class=\"elementor-field elementor-size-sm  elementor-upload-field\" required=\"required\" aria-required=\"true\" data-maxsize=\"5\" data-maxsize-message=\"This file exceeds the maximum allowed size.\">\n\n\t\t\t\t\t\t<\/div>\n\t\t\t\t\t\t\t\t<div class=\"elementor-field-type-acceptance elementor-field-group elementor-column elementor-field-group-field_618ae77 elementor-col-100 elementor-field-required elementor-mark-required\">\n\t\t\t\t\t\t\t\t\t\t\t\t<label for=\"form-field-field_618ae77\" class=\"elementor-field-label\">\n\t\t\t\t\t\t\t\tClique na caixa abaixo para aceitar as condi\u00e7\u00f5es estabelecidas no contrato de servi\u00e7os.\t\t\t\t\t\t\t<\/label>\n\t\t\t\t\t\t\t\t<div class=\"elementor-field-subgroup\">\n\t\t\t<span class=\"elementor-field-option\">\n\t\t\t\t<input type=\"checkbox\" name=\"form_fields[field_618ae77]\" id=\"form-field-field_618ae77\" class=\"elementor-field elementor-size-sm  elementor-acceptance-field\" required=\"required\" aria-required=\"true\">\n\t\t\t\t<label for=\"form-field-field_618ae77\">Li e aceito todas as condi\u00e7\u00f5es estabelecidas do <a href=\"https:\/\/isionsat.com.br\/?page_id=2123\/#\" target=\"_blank\"> <b>CONTRATO DE SERVI\u00c7OS<\/b><\/a><\/label>\t\t\t<\/span>\n\t\t<\/div>\n\t\t\t\t\t\t<\/div>\n\t\t\t\t\t\t\t\t<div class=\"elementor-field-group elementor-column elementor-field-type-submit elementor-col-100 e-form__buttons\">\n\t\t\t\t\t<button type=\"submit\" class=\"elementor-button elementor-size-sm\">\n\t\t\t\t\t\t<span >\n\t\t\t\t\t\t\t\t\t\t\t\t\t\t\t<span class=\"elementor-align-icon-left elementor-button-icon\">\n\t\t\t\t\t\t\t\t\t<i aria-hidden=\"true\" class=\"far fa-envelope\"><\/i>\t\t\t\t\t\t\t\t\t\t\t\t\t\t\t\t\t<\/span>\n\t\t\t\t\t\t\t\t\t\t\t\t\t\t\t\t\t\t\t\t\t\t<span class=\"elementor-button-text\">Enviar cadastro<\/span>\n\t\t\t\t\t\t\t\t\t\t\t\t\t<\/span>\n\t\t\t\t\t<\/button>\n\t\t\t\t<\/div>\n\t\t\t<\/div>\n\t\t<\/form>\n\t\t\t\t\t\t<\/div>\n\t\t\t\t<\/div>\n\t\t\t\t<div class=\"elementor-element elementor-element-cef9864 elementor-widget elementor-widget-html\" data-id=\"cef9864\" data-element_type=\"widget\" data-e-type=\"widget\" data-widget_type=\"html.default\">\n\t\t\t\t<div class=\"elementor-widget-container\">\n\t\t\t\t\t<!-- DANTE TESTA TREINAMENTOS WWW.DANTETESTA.COM.BR-->\r\n<!-- Adicionando Javascript -->\r\n<script type=\"text\/javascript\" >\r\n\r\n\r\n\/* SETUP DOS IDS DO FORM\r\n * \r\n * Insira os ID's CSS de acordo com os campos do seu formul\u00e1rio.\r\n * \r\n *  *\/\t\r\nvar rua='#form-field-rua';\r\nvar bairro='#form-field-bairro';\r\nvar cidade='#form-field-cidade';\r\nvar uf='#form-field-uf';\r\nvar cep='#form-field-cep';\r\n\/\/-------------------------------------------\t\t\t\r\n\t\t\t\r\n\/* CODIGO BRUTO *\/\t\t\t\r\nvar $jq = jQuery.noConflict();\r\n$jq(document).ready(function() {\r\n\r\nfunction limpa_formul\u00e1rio_cep() {\r\n\/\/ Limpa valores do formul\u00e1rio de cep.\r\n$jq(rua).val('');\r\n$jq(bairro).val('');\r\n$jq(cidade).val('');\r\n$jq(uf).val('');\r\n}\r\n            \r\n\/\/Quando o campo cep perde o foco.\r\n$jq(cep).blur(function() {\r\n\/\/Nova vari\u00e1vel \"cep\" somente com d\u00edgitos.\r\nvar cepx = $jq(this).val().replace(\/\\D\/g, '');\r\n\r\n\/\/Verifica se campo cep possui valor informado.\r\nif (cepx !='') {\r\n\/\/Express\u00e3o regular para validar o CEP.\r\nvar validacep = \/^[0-9]{8}$\/;\r\n\/\/Valida o formato do CEP.\r\nif(validacep.test(cepx)) {\r\n\/\/Preenche os campos com \"...\" enquanto consulta webservice.\r\n$jq(rua).val('...carrengando');\r\n$jq(bairro).val('...carrengando');\r\n$jq(cidade).val('...carrengando');\r\n$jq(uf).val('...carrengando');\r\n\r\n\/\/Consulta o webservice viacep.com.br\/\r\n$jq.getJSON('https:\/\/viacep.com.br\/ws\/'+ cepx +'\/json\/?callback=?', function(dados) {\r\nif (!('erro' in dados)) {\r\n\/\/Atualiza os campos com os valores da consulta.\r\n$jq(rua).val(dados.logradouro);\r\n$jq(bairro).val(dados.bairro);\r\n$jq(cidade).val(dados.localidade);\r\n$jq(uf).val(dados.uf);\r\n} \/\/end if.\r\nelse {\r\n\/\/CEP pesquisado n\u00e3o foi encontrado.\r\nlimpa_formul\u00e1rio_cep();\r\nalert('CEP n\u00e3o encontrado.');\r\n}\r\n});\r\n} \/\/end if.\r\nelse {\r\n\/\/cep \u00e9 inv\u00e1lido.\r\nlimpa_formul\u00e1rio_cep();\r\nalert('Formato de CEP inv\u00e1lido.');\r\n}\r\n} \/\/end if.\r\nelse {\r\n\/\/cep sem valor, limpa formul\u00e1rio.\r\nlimpa_formul\u00e1rio_cep();\r\n}\r\n});\r\n});\r\n<\/script>\r\n\t\t\t\t<\/div>\n\t\t\t\t<\/div>\n\t\t\t\t<div class=\"elementor-element elementor-element-f2b632f animated-fast elementor-invisible elementor-widget elementor-widget-heading\" data-id=\"f2b632f\" data-element_type=\"widget\" data-e-type=\"widget\" data-settings=\"{&quot;sticky&quot;:&quot;top&quot;,&quot;_animation&quot;:&quot;flash&quot;,&quot;sticky_on&quot;:[&quot;desktop&quot;,&quot;tablet&quot;,&quot;mobile&quot;],&quot;sticky_offset&quot;:0,&quot;sticky_effects_offset&quot;:0}\" data-widget_type=\"heading.default\">\n\t\t\t\t<div class=\"elementor-widget-container\">\n\t\t\t\t\t<h2 class=\"elementor-heading-title elementor-size-default\">Ponto de Instala\u00e7\u00e3o<\/h2>\t\t\t\t<\/div>\n\t\t\t\t<\/div>\n\t\t\t\t<div class=\"elementor-element elementor-element-883b214 elementor-widget elementor-widget-google_maps\" data-id=\"883b214\" data-element_type=\"widget\" data-e-type=\"widget\" data-widget_type=\"google_maps.default\">\n\t\t\t\t<div class=\"elementor-widget-container\">\n\t\t\t\t\t\t\t<div class=\"elementor-custom-embed\">\n\t\t\t<iframe loading=\"lazy\"\n\t\t\t\t\tsrc=\"https:\/\/maps.google.com\/maps?q=rua%20diogo%20rodrigues%2C%2039%20-%20s%C3%A3o%20paulo&#038;t=m&#038;z=15&#038;output=embed&#038;iwloc=near\"\n\t\t\t\t\ttitle=\"rua diogo rodrigues, 39 - s\u00e3o paulo\"\n\t\t\t\t\taria-label=\"rua diogo rodrigues, 39 - s\u00e3o paulo\"\n\t\t\t><\/iframe>\n\t\t<\/div>\n\t\t\t\t\t\t<\/div>\n\t\t\t\t<\/div>\n\t\t\t\t\t<\/div>\n\t\t\t\t<\/div>\n\t\t\t\t<\/div>\n\t\t","protected":false},"excerpt":{"rendered":"<p>Preencha seus dados de cadastro Pessoa F\u00edsica ou Jur\u00eddica Ponto de Instala\u00e7\u00e3o<\/p>\n","protected":false},"author":1,"featured_media":307,"parent":0,"menu_order":0,"comment_status":"closed","ping_status":"closed","template":"elementor_header_footer","meta":{"footnotes":""},"class_list":["post-273","page","type-page","status-publish","has-post-thumbnail","hentry"],"_links":{"self":[{"href":"https:\/\/isionsat.com.br\/index.php?rest_route=\/wp\/v2\/pages\/273","targetHints":{"allow":["GET"]}}],"collection":[{"href":"https:\/\/isionsat.com.br\/index.php?rest_route=\/wp\/v2\/pages"}],"about":[{"href":"https:\/\/isionsat.com.br\/index.php?rest_route=\/wp\/v2\/types\/page"}],"author":[{"embeddable":true,"href":"https:\/\/isionsat.com.br\/index.php?rest_route=\/wp\/v2\/users\/1"}],"replies":[{"embeddable":true,"href":"https:\/\/isionsat.com.br\/index.php?rest_route=%2Fwp%2Fv2%2Fcomments&post=273"}],"version-history":[{"count":340,"href":"https:\/\/isionsat.com.br\/index.php?rest_route=\/wp\/v2\/pages\/273\/revisions"}],"predecessor-version":[{"id":2284,"href":"https:\/\/isionsat.com.br\/index.php?rest_route=\/wp\/v2\/pages\/273\/revisions\/2284"}],"wp:featuredmedia":[{"embeddable":true,"href":"https:\/\/isionsat.com.br\/index.php?rest_route=\/wp\/v2\/media\/307"}],"wp:attachment":[{"href":"https:\/\/isionsat.com.br\/index.php?rest_route=%2Fwp%2Fv2%2Fmedia&parent=273"}],"curies":[{"name":"wp","href":"https:\/\/api.w.org\/{rel}","templated":true}]}}