{"id":1397,"date":"2024-02-26T16:53:06","date_gmt":"2024-02-26T19:53:06","guid":{"rendered":"https:\/\/isionsat.com.br\/?page_id=1397"},"modified":"2024-07-10T09:55:52","modified_gmt":"2024-07-10T12:55:52","slug":"sobre-nos","status":"publish","type":"page","link":"https:\/\/isionsat.com.br\/?page_id=1397","title":{"rendered":"Sobre N\u00f3s"},"content":{"rendered":"\t\t<div data-elementor-type=\"wp-page\" data-elementor-id=\"1397\" class=\"elementor elementor-1397\">\n\t\t\t\t<div class=\"elementor-element elementor-element-c6f7b83 e-flex e-con-boxed e-con e-parent\" data-id=\"c6f7b83\" data-element_type=\"container\" data-e-type=\"container\">\n\t\t\t\t\t<div class=\"e-con-inner\">\n\t\t<div class=\"elementor-element elementor-element-a18cd20 e-con-full e-flex e-con e-child\" data-id=\"a18cd20\" data-element_type=\"container\" data-e-type=\"container\">\n\t\t\t\t<div class=\"elementor-element elementor-element-4eb1457 elementor-widget elementor-widget-heading\" data-id=\"4eb1457\" data-element_type=\"widget\" data-e-type=\"widget\" data-widget_type=\"heading.default\">\n\t\t\t\t<div class=\"elementor-widget-container\">\n\t\t\t\t\t<h2 class=\"elementor-heading-title elementor-size-default\">Quem somos<\/h2>\t\t\t\t<\/div>\n\t\t\t\t<\/div>\n\t\t\t\t<div class=\"elementor-element elementor-element-c3098ca elementor-widget elementor-widget-text-editor\" data-id=\"c3098ca\" data-element_type=\"widget\" data-e-type=\"widget\" data-widget_type=\"text-editor.default\">\n\t\t\t\t<div class=\"elementor-widget-container\">\n\t\t\t\t\t\t\t\t\t<p>\u00a0 \u00a0 \u00a0 \u00a0 \u00a0 \u00a0 \u00a0 \u00a0 \u00a0 A <strong>ISONSAT<\/strong> surgiu da pr\u00f3pria necessidade em acompanhar os ve\u00edculos nos casos de furto ou roubo ou at\u00e9 mesmo em passeios e trabalhos que exigiam trafegar por longas dist\u00e2ncias dentro do nosso grandioso Brasil.<\/p><p>\u00a0 \u00a0 \u00a0 \u00a0 \u00a0 \u00a0 \u00a0 \u00a0 \u00a0 Em 2020 buscamos alternativas e meios para colocarmos o projeto para rodar, funcionou, tivemos uma\u00a0 excelente aceita\u00e7\u00e3o, boa parte das pessoas que estavam pr\u00f3ximas da Regi\u00e3o da Zona Sul de S\u00e3o Paulo aderiram o servi\u00e7o e ainda indicavam amigos e parentes para tamb\u00e9m participarem do projeto como usu\u00e1rios do servi\u00e7o de rastreamento oferecido.<\/p><p>\u00a0 \u00a0 \u00a0 \u00a0 \u00a0 \u00a0 \u00a0 \u00a0 \u00a0O feedback era sempre muito positivo e desafiador, sim, desafiador, porque procur\u00e1vamos fazer cada vez melhor tanto no sentido da execu\u00e7\u00e3o do trabalho de instala\u00e7\u00e3o no ve\u00edculo do cliente como na entrega do servi\u00e7o de monitoramento, plataforma e seus APPs.<\/p><p>\u00a0 \u00a0 \u00a0 \u00a0 \u00a0 \u00a0 \u00a0 \u00a0 \u00a0Estamos sempre muito atentos \u00e0s mudan\u00e7as de mercado, tecnologias que entram e transformam, para melhor, o segmento de rastreamento e telemetria. Entendemos que \u00e9 necess\u00e1rio se atualizar e estar sempre pronto para o novo, com isso, podemos entregar o que h\u00e1 de melhor no ramo da tecnologia em rastreamento aos nossos clientes e parceiros.<\/p><p>E n\u00e3o paramos&#8230; a busca pela excel\u00eancia \u00e9 algo tang\u00edvel e pr\u00f3ximo, vamos em frente.<\/p>\t\t\t\t\t\t\t\t<\/div>\n\t\t\t\t<\/div>\n\t\t\t\t<\/div>\n\t\t<div class=\"elementor-element elementor-element-e263ef0 e-con-full e-flex e-con e-child\" data-id=\"e263ef0\" data-element_type=\"container\" data-e-type=\"container\">\n\t\t\t\t<div class=\"elementor-element elementor-element-a3a6f68 elementor-widget elementor-widget-heading\" data-id=\"a3a6f68\" data-element_type=\"widget\" data-e-type=\"widget\" data-widget_type=\"heading.default\">\n\t\t\t\t<div class=\"elementor-widget-container\">\n\t\t\t\t\t<h2 class=\"elementor-heading-title elementor-size-default\">VUCs e Pesados<\/h2>\t\t\t\t<\/div>\n\t\t\t\t<\/div>\n\t\t\t\t<div class=\"elementor-element elementor-element-49c6883 elementor-widget__width-initial elementor-widget elementor-widget-image\" data-id=\"49c6883\" data-element_type=\"widget\" data-e-type=\"widget\" data-widget_type=\"image.default\">\n\t\t\t\t<div class=\"elementor-widget-container\">\n\t\t\t\t\t\t\t\t\t\t\t\t\t\t\t<img fetchpriority=\"high\" decoding=\"async\" width=\"1024\" height=\"683\" src=\"https:\/\/isionsat.com.br\/wp-content\/uploads\/2024\/02\/vuc-1024x683.webp\" class=\"attachment-large size-large wp-image-1402\" alt=\"\" srcset=\"https:\/\/isionsat.com.br\/wp-content\/uploads\/2024\/02\/vuc-1024x683.webp 1024w, https:\/\/isionsat.com.br\/wp-content\/uploads\/2024\/02\/vuc-300x200.webp 300w, https:\/\/isionsat.com.br\/wp-content\/uploads\/2024\/02\/vuc-768x512.webp 768w, https:\/\/isionsat.com.br\/wp-content\/uploads\/2024\/02\/vuc-1536x1024.webp 1536w, https:\/\/isionsat.com.br\/wp-content\/uploads\/2024\/02\/vuc-scaled.webp 1920w, https:\/\/isionsat.com.br\/wp-content\/uploads\/2024\/02\/vuc-600x400.webp 600w\" sizes=\"(max-width: 1024px) 100vw, 1024px\" \/>\t\t\t\t\t\t\t\t\t\t\t\t\t\t\t<\/div>\n\t\t\t\t<\/div>\n\t\t\t\t<div class=\"elementor-element elementor-element-225dea6 elementor-widget elementor-widget-heading\" data-id=\"225dea6\" data-element_type=\"widget\" data-e-type=\"widget\" data-widget_type=\"heading.default\">\n\t\t\t\t<div class=\"elementor-widget-container\">\n\t\t\t\t\t<h2 class=\"elementor-heading-title elementor-size-default\">Ve\u00edculos de Passeio<\/h2>\t\t\t\t<\/div>\n\t\t\t\t<\/div>\n\t\t\t\t<div class=\"elementor-element elementor-element-9cd4416 elementor-widget__width-initial elementor-widget elementor-widget-image\" data-id=\"9cd4416\" data-element_type=\"widget\" data-e-type=\"widget\" data-widget_type=\"image.default\">\n\t\t\t\t<div class=\"elementor-widget-container\">\n\t\t\t\t\t\t\t\t\t\t\t\t\t\t\t<img decoding=\"async\" width=\"242\" height=\"136\" src=\"https:\/\/isionsat.com.br\/wp-content\/uploads\/2023\/10\/pexels-mike-b-794435.jpg\" class=\"attachment-large size-large wp-image-242\" alt=\"\" srcset=\"https:\/\/isionsat.com.br\/wp-content\/uploads\/2023\/10\/pexels-mike-b-794435.jpg 242w, https:\/\/isionsat.com.br\/wp-content\/uploads\/2023\/10\/pexels-mike-b-794435-150x85.jpg 150w\" sizes=\"(max-width: 242px) 100vw, 242px\" \/>\t\t\t\t\t\t\t\t\t\t\t\t\t\t\t<\/div>\n\t\t\t\t<\/div>\n\t\t\t\t<div class=\"elementor-element elementor-element-4a3af10 elementor-widget elementor-widget-heading\" data-id=\"4a3af10\" data-element_type=\"widget\" data-e-type=\"widget\" data-widget_type=\"heading.default\">\n\t\t\t\t<div class=\"elementor-widget-container\">\n\t\t\t\t\t<h2 class=\"elementor-heading-title elementor-size-default\">Transporte R\u00e1pido<\/h2>\t\t\t\t<\/div>\n\t\t\t\t<\/div>\n\t\t\t\t<div class=\"elementor-element elementor-element-5e77596 elementor-widget__width-initial elementor-widget elementor-widget-image\" data-id=\"5e77596\" data-element_type=\"widget\" data-e-type=\"widget\" data-widget_type=\"image.default\">\n\t\t\t\t<div class=\"elementor-widget-container\">\n\t\t\t\t\t\t\t\t\t\t\t\t\t\t\t<img decoding=\"async\" width=\"204\" height=\"136\" src=\"https:\/\/isionsat.com.br\/wp-content\/uploads\/2024\/02\/pexels-tima-miroshnichenko-6169668.webp\" class=\"attachment-large size-large wp-image-1400\" alt=\"\" \/>\t\t\t\t\t\t\t\t\t\t\t\t\t\t\t<\/div>\n\t\t\t\t<\/div>\n\t\t\t\t<div class=\"elementor-element elementor-element-1ec8d09 elementor-widget elementor-widget-heading\" data-id=\"1ec8d09\" data-element_type=\"widget\" data-e-type=\"widget\" data-widget_type=\"heading.default\">\n\t\t\t\t<div class=\"elementor-widget-container\">\n\t\t\t\t\t<h2 class=\"elementor-heading-title elementor-size-default\">Estradeiros<\/h2>\t\t\t\t<\/div>\n\t\t\t\t<\/div>\n\t\t\t\t<div class=\"elementor-element elementor-element-31b81f6 elementor-widget__width-initial elementor-widget elementor-widget-image\" data-id=\"31b81f6\" data-element_type=\"widget\" data-e-type=\"widget\" data-widget_type=\"image.default\">\n\t\t\t\t<div class=\"elementor-widget-container\">\n\t\t\t\t\t\t\t\t\t\t\t\t\t\t\t<img loading=\"lazy\" decoding=\"async\" width=\"205\" height=\"136\" src=\"https:\/\/isionsat.com.br\/wp-content\/uploads\/2023\/10\/pexels-ethan-jones-14081500.jpg\" class=\"attachment-large size-large wp-image-243\" alt=\"\" \/>\t\t\t\t\t\t\t\t\t\t\t\t\t\t\t<\/div>\n\t\t\t\t<\/div>\n\t\t\t\t<\/div>\n\t\t\t\t\t<\/div>\n\t\t\t\t<\/div>\n\t\t<div class=\"elementor-element elementor-element-bcb1724 e-flex e-con-boxed e-con e-parent\" data-id=\"bcb1724\" data-element_type=\"container\" data-e-type=\"container\">\n\t\t\t\t\t<div class=\"e-con-inner\">\n\t\t\t\t<div class=\"elementor-element elementor-element-30cc98e elementor-widget elementor-widget-heading\" data-id=\"30cc98e\" data-element_type=\"widget\" data-e-type=\"widget\" data-widget_type=\"heading.default\">\n\t\t\t\t<div class=\"elementor-widget-container\">\n\t\t\t\t\t<h2 class=\"elementor-heading-title elementor-size-default\">Veja abaixo alguns dos nossos v\u00eddeos, deixe a ISIONSAT fazer parte da sua seguran\u00e7a.<\/h2>\t\t\t\t<\/div>\n\t\t\t\t<\/div>\n\t\t\t\t\t<\/div>\n\t\t\t\t<\/div>\n\t\t<div class=\"elementor-element elementor-element-8d9c63b e-flex e-con-boxed e-con e-parent\" data-id=\"8d9c63b\" data-element_type=\"container\" data-e-type=\"container\">\n\t\t\t\t\t<div class=\"e-con-inner\">\n\t\t<div class=\"elementor-element elementor-element-e96641a e-con-full e-flex e-con e-child\" data-id=\"e96641a\" data-element_type=\"container\" data-e-type=\"container\">\n\t\t\t\t<div class=\"elementor-element elementor-element-5da2c1b elementor-widget elementor-widget-video\" data-id=\"5da2c1b\" data-element_type=\"widget\" data-e-type=\"widget\" data-settings=\"{&quot;video_type&quot;:&quot;hosted&quot;,&quot;controls&quot;:&quot;yes&quot;}\" data-widget_type=\"video.default\">\n\t\t\t\t<div class=\"elementor-widget-container\">\n\t\t\t\t\t\t\t<div class=\"e-hosted-video elementor-wrapper elementor-open-inline\">\n\t\t\t\t\t<video class=\"elementor-video\" src=\"http:\/\/isionsat.com.br\/wp-content\/uploads\/2024\/02\/video-Institucional.mp4\" controls=\"\" preload=\"metadata\" controlsList=\"nodownload\"><\/video>\n\t\t\t\t<\/div>\n\t\t\t\t\t\t<\/div>\n\t\t\t\t<\/div>\n\t\t\t\t<\/div>\n\t\t<div class=\"elementor-element elementor-element-1c0be4f e-con-full e-flex e-con e-child\" data-id=\"1c0be4f\" data-element_type=\"container\" data-e-type=\"container\">\n\t\t\t\t<div class=\"elementor-element elementor-element-0aa2a30 elementor-widget elementor-widget-video\" data-id=\"0aa2a30\" data-element_type=\"widget\" data-e-type=\"widget\" data-settings=\"{&quot;video_type&quot;:&quot;hosted&quot;,&quot;controls&quot;:&quot;yes&quot;}\" data-widget_type=\"video.default\">\n\t\t\t\t<div class=\"elementor-widget-container\">\n\t\t\t\t\t\t\t<div class=\"e-hosted-video elementor-wrapper elementor-open-inline\">\n\t\t\t\t\t<video class=\"elementor-video\" src=\"http:\/\/isionsat.com.br\/wp-content\/uploads\/2024\/02\/video1.mp4\" controls=\"\" preload=\"metadata\" controlsList=\"nodownload\"><\/video>\n\t\t\t\t<\/div>\n\t\t\t\t\t\t<\/div>\n\t\t\t\t<\/div>\n\t\t\t\t<\/div>\n\t\t<div class=\"elementor-element elementor-element-0c42cdf e-con-full e-flex e-con e-child\" data-id=\"0c42cdf\" data-element_type=\"container\" data-e-type=\"container\">\n\t\t\t\t<div class=\"elementor-element elementor-element-85ee980 elementor-widget elementor-widget-video\" data-id=\"85ee980\" data-element_type=\"widget\" data-e-type=\"widget\" data-settings=\"{&quot;video_type&quot;:&quot;hosted&quot;,&quot;controls&quot;:&quot;yes&quot;}\" data-widget_type=\"video.default\">\n\t\t\t\t<div class=\"elementor-widget-container\">\n\t\t\t\t\t\t\t<div class=\"e-hosted-video elementor-wrapper elementor-open-inline\">\n\t\t\t\t\t<video class=\"elementor-video\" src=\"http:\/\/isionsat.com.br\/wp-content\/uploads\/2024\/02\/ISION-APRESENTACAO.mp4\" controls=\"\" preload=\"metadata\" controlsList=\"nodownload\"><\/video>\n\t\t\t\t<\/div>\n\t\t\t\t\t\t<\/div>\n\t\t\t\t<\/div>\n\t\t\t\t<\/div>\n\t\t\t\t\t<\/div>\n\t\t\t\t<\/div>\n\t\t\t\t<\/div>\n\t\t","protected":false},"excerpt":{"rendered":"<p>Quem somos \u00a0 \u00a0 \u00a0 \u00a0 \u00a0 \u00a0 \u00a0 \u00a0 \u00a0 A ISONSAT surgiu da pr\u00f3pria necessidade em acompanhar os ve\u00edculos nos casos de furto ou roubo ou at\u00e9 mesmo em passeios e trabalhos que exigiam trafegar por longas dist\u00e2ncias dentro do nosso grandioso Brasil. \u00a0 \u00a0 \u00a0 \u00a0 \u00a0 \u00a0 \u00a0 \u00a0 \u00a0 Em [&hellip;]<\/p>\n","protected":false},"author":1,"featured_media":0,"parent":0,"menu_order":0,"comment_status":"closed","ping_status":"closed","template":"elementor_header_footer","meta":{"footnotes":""},"class_list":["post-1397","page","type-page","status-publish","hentry"],"_links":{"self":[{"href":"https:\/\/isionsat.com.br\/index.php?rest_route=\/wp\/v2\/pages\/1397","targetHints":{"allow":["GET"]}}],"collection":[{"href":"https:\/\/isionsat.com.br\/index.php?rest_route=\/wp\/v2\/pages"}],"about":[{"href":"https:\/\/isionsat.com.br\/index.php?rest_route=\/wp\/v2\/types\/page"}],"author":[{"embeddable":true,"href":"https:\/\/isionsat.com.br\/index.php?rest_route=\/wp\/v2\/users\/1"}],"replies":[{"embeddable":true,"href":"https:\/\/isionsat.com.br\/index.php?rest_route=%2Fwp%2Fv2%2Fcomments&post=1397"}],"version-history":[{"count":16,"href":"https:\/\/isionsat.com.br\/index.php?rest_route=\/wp\/v2\/pages\/1397\/revisions"}],"predecessor-version":[{"id":1827,"href":"https:\/\/isionsat.com.br\/index.php?rest_route=\/wp\/v2\/pages\/1397\/revisions\/1827"}],"wp:attachment":[{"href":"https:\/\/isionsat.com.br\/index.php?rest_route=%2Fwp%2Fv2%2Fmedia&parent=1397"}],"curies":[{"name":"wp","href":"https:\/\/api.w.org\/{rel}","templated":true}]}}